{"id":1689,"date":"2024-03-13T10:57:36","date_gmt":"2024-03-13T17:57:36","guid":{"rendered":"https:\/\/dev.pitaya.fm\/?page_id=1689"},"modified":"2024-05-01T12:48:23","modified_gmt":"2024-05-01T19:48:23","slug":"noticias","status":"publish","type":"page","link":"https:\/\/dev.pitaya.fm\/en\/noticias\/","title":{"rendered":"News"},"content":{"rendered":"<div class=\"fusion-fullwidth fullwidth-box fusion-builder-row-1 fusion-flex-container has-pattern-background has-mask-background nonhundred-percent-fullwidth non-hundred-percent-height-scrolling\" style=\"--awb-border-radius-top-left:0px;--awb-border-radius-top-right:0px;--awb-border-radius-bottom-right:0px;--awb-border-radius-bottom-left:0px;--awb-margin-top:50px;--awb-flex-wrap:wrap;\" ><div class=\"fusion-builder-row fusion-row fusion-flex-align-items-flex-start fusion-flex-justify-content-center fusion-flex-content-wrap\" style=\"max-width:1248px;margin-left: calc(-4% \/ 2 );margin-right: calc(-4% \/ 2 );\"><div class=\"fusion-layout-column fusion_builder_column fusion-builder-column-0 fusion_builder_column_2_3 2_3 fusion-flex-column\" style=\"--awb-bg-size:cover;--awb-width-large:66.666666666667%;--awb-margin-top-large:0px;--awb-spacing-right-large:2.88%;--awb-margin-bottom-large:20px;--awb-spacing-left-large:2.88%;--awb-width-medium:100%;--awb-order-medium:0;--awb-spacing-right-medium:1.92%;--awb-spacing-left-medium:1.92%;--awb-width-small:100%;--awb-order-small:0;--awb-spacing-right-small:1.92%;--awb-spacing-left-small:1.92%;\" id=\"news-items\" data-scroll-devices=\"small-visibility,medium-visibility,large-visibility\"><div class=\"fusion-column-wrapper fusion-column-has-shadow fusion-flex-justify-content-flex-start fusion-content-layout-column\"><div class=\"fusion-text fusion-text-1\"><ul>\n<li><strong>March 13th 2024<\/strong><br \/>\n<a href=\"https:\/\/conta.cc\/48XjA6q\" target=\"_blank\" rel=\"noopener\">La Taquilla con Ren\u00e9 Franco, el emblem\u00e1tico programa de noticias de entretenimiento, regresa en versi\u00f3n podcast a trav\u00e9s de Pitaya Entertainment<\/a><\/li>\n<li><strong>December 4th 2023<br \/>\nPRODU35<\/strong> <a href=\"https:\/\/www.produ.com\/mercadeo\/noticias\/pitaya-cierra-el-2023-como-network-lider-de-podcasts-en-espanol\/\" target=\"_blank\" rel=\"noopener\">Pitaya cierra el 2023 como network l\u00edder de podcasts en espa\u00f1ol<\/a><\/li>\n<li><strong>October 10th 2023<\/strong><br \/>\n<a href=\"https:\/\/conta.cc\/3LTmL6y\" target=\"_blank\" rel=\"noopener\">CHISME NO LIKE, el exitoso programa de espect\u00e1culos y noticias de la far\u00e1ndula, ya est\u00e1 disponible como podcast a trav\u00e9s de Pitaya Entertainment<\/a><\/li>\n<li><strong>September 25th 2023<\/strong><br \/>\n<a href=\"https:\/\/conta.cc\/3LAA1Np\" target=\"_blank\" rel=\"noopener\">En Boca Cerrada sigue haciendo historia en el mundo de los podcasts en espa\u00f1ol con el lanzamiento de su segunda temporada<\/a><\/li>\n<li><strong>August 28th 2023<\/strong><br \/>\n<a href=\"https:\/\/conta.cc\/3qMpUOj\" target=\"_blank\" rel=\"noopener\">Ponchote Podcast, el podcast del exitoso canal de YouTube \u201cEl Canal de Ponchote\u201d, ya est\u00e1 disponible a trav\u00e9s de Pitaya Entertainment<\/a><\/li>\n<li><strong>August 21st 2023<\/strong><br \/>\n<a href=\"https:\/\/conta.cc\/47IpM2G\" target=\"_blank\" rel=\"noopener\">\u201cEl Rinc\u00f3n de los Errores\u201d, el exitoso podcast de Marimar Vega y Efr\u00e9n Mart\u00ednez, se une a Pitaya Entertainment<\/a><\/li>\n<li><strong>June 1st 2023<\/strong><br \/>\n<a href=\"https:\/\/conta.cc\/3qk9k7Q\" target=\"_blank\" rel=\"noopener\">Pitaya Entertainment presenta Podcast Sobrenatural, un programa sobre los misterios del universo y enigmas de la humanidad conducido por Carlos Rubio<\/a><\/li>\n<li><strong>May 8th 2023<\/strong><br \/>\n<a href=\"https:\/\/conta.cc\/3nNg9xD\" target=\"_blank\" rel=\"noopener\">\u201cEn Boca Cerrada\u201d tiene uno de los lanzamientos m\u00e1s exitosos en la historia para un podcast en espa\u00f1ol<\/a><\/li>\n<li><strong>April 17th 2023<\/strong><br \/>\n<a href=\"https:\/\/conta.cc\/3mDdarb\" target=\"_blank\" rel=\"noopener\">Adela Micha y Pitaya Entertainment presentan Saga Live y Me Lo Dijo Adela en versi\u00f3n podcast<\/a><\/li>\n<li><strong>April 13th 2023<\/strong><br \/>\n<a href=\"https:\/\/conta.cc\/3L5zSSl\" target=\"_blank\" rel=\"noopener\">Uforia y Pitaya Entertainment lanzan EN BOCA CERRADA, el podcast oficial de Raquenel \u201cMary Boquitas\u201d<\/a><\/li>\n<li><strong>January 23rd 2023<\/strong><br \/>\n<a href=\"https:\/\/conta.cc\/3Jby8X6\" target=\"_blank\" rel=\"noopener\">Manelyk Gonz\u00e1lez presenta \u201cHoy Toca\u201d, un nuevo podcast de Pitaya Entertainment<\/a><\/li>\n<li><strong>January 17th 2023<\/strong><br \/>\n<a href=\"https:\/\/conta.cc\/3XzNclg\" target=\"_blank\" rel=\"noopener\">Laura Bozzo presenta \u201cQue Pase el Desgraciado\u201d, un nuevo podcast de Pitaya Entertainment<\/a><\/li>\n<li><strong>November 29th 2022<\/strong><br \/>\n<a href=\"https:\/\/conta.cc\/3VBvjS1\" target=\"_blank\" rel=\"noopener\">Pitaya Entertainment presenta \u201cPor mis pelotas\u201d, un irreverente podcast de f\u00fatbol conducido por El Nefasto<\/a><\/li>\n<li><strong>November 15th 2022<\/strong><br \/>\n<a href=\"https:\/\/conta.cc\/3gaUs76\" target=\"_blank\" rel=\"noopener\">El famoso show de YouTube de Felipe Cruz sobre entretenimiento y celebridades, El Filip, ya est\u00e1 disponible como podcast a trav\u00e9s de Pitaya Entertainment<\/a><\/li>\n<li><strong>November 2nd 2022<\/strong><br \/>\n<a href=\"https:\/\/conta.cc\/3DRENm7\" target=\"_blank\" rel=\"noopener\">El Potro presenta El Potrero, un nuevo podcast de Pitaya Entertainment \/\/ El Potro presents El Potrero, a new podcast by Pitaya Entertainment<\/a><\/li>\n<li><strong>October 31st 2022<\/strong><br \/>\n<a href=\"https:\/\/conta.cc\/3zvng0m\" target=\"_blank\" rel=\"noopener\">Todo sobre sexo, el podcast de Pitaya Entertainment sobre sexualidad y sexolog\u00eda que rompe fronteras a partir de la educaci\u00f3n sexual, cumple tres meses<\/a><\/li>\n<li><strong>October 7th 2022<\/strong><br \/>\n<a href=\"https:\/\/conta.cc\/3fSCF3N\" target=\"_blank\" rel=\"noopener\">Ana Patricia G\u00e1mez presenta un nuevo formato para Ana Patricia Sin Filtro, su podcast de Pitaya Entertainment<\/a><\/li>\n<li><strong>August 8th 2022<\/strong><br \/>\n<a href=\"https:\/\/conta.cc\/3JCg9Ht\" target=\"_blank\" rel=\"noopener\">Aprende todo sobre la salud sexual que no te atreves a preguntar en Todo Sobre Sexo con La Dra. Klara Senior y la Dra. Sof\u00eda Herrera, un nuevo podcast de Pitaya Entertainment<\/a><\/li>\n<li><strong>July 25th 2022<\/strong><br \/>\n<a href=\"https:\/\/conta.cc\/3zmsQT8\" target=\"_blank\" rel=\"noopener\">El Morro regresa con Barrio!, un nuevo podcast de Pitaya Entertainment \/\/ El Morro is back with Barrio!, a new podcast from Pitaya Entertainment<\/a><\/li>\n<li><strong>July 18th 2022<\/strong><br \/>\n<a href=\"https:\/\/conta.cc\/3RHwgXP\" target=\"_blank\" rel=\"noopener\">El Ni\u00f1o Prodigio presenta Tu Destino, un nuevo podcast de Pitaya Entertainment \/\/ El Ni\u00f1o Prodigio presents Tu Destino, a new podcast from Pitaya Entertainment<\/a><\/li>\n<li><strong>May 17th 2022<\/strong><br \/>\n<a href=\"https:\/\/conta.cc\/3wnueU2\" target=\"_blank\" rel=\"noopener\">NUEVO PODCAST DE CR\u00cdMENES REALES, PESADILLAS CRIMINALES, RELATA LOS ASESINATOS M\u00c1S IMPACTANTES DEL MUNDO LATINO<\/a><\/li>\n<li><strong>May 9th 2022<\/strong><br \/>\n<a href=\"https:\/\/conta.cc\/388yIot\" target=\"_blank\" rel=\"noopener\">La Entrevista con Yordi Rosado se une a Pitaya Entertainment \/\/ La Entrevista con Yordi Rosado joins Pitaya Entertainment<\/a><\/li>\n<li><strong>March 30th 2022<\/strong><br \/>\n<a href=\"https:\/\/conta.cc\/3uyOSOM\" target=\"_blank\" rel=\"noopener\">Pitaya Entertainment presenta Testimonio Paranormal, un podcast aterrador en espa\u00f1ol sobre fen\u00f3menos paranormales<\/a><\/li>\n<li><strong>February 8th 2022<\/strong><br \/>\n<a href=\"https:\/\/conta.cc\/3HDPCaS\" target=\"_blank\" rel=\"noopener\">Podcast de f\u00fatbol presentado por cuatro estrellas del mundo del deporte, Sin Llorar, se une a Pitaya Entertainment<\/a><\/li>\n<li><strong>January 28th 2022<br \/>\nPRODU35<\/strong> <a href=\"https:\/\/www.produ.com\/mercadeo\/noticias\/jordi-oliveres-de-pitaya-ofrecemos-un-portal-para-que-las-marcas-lleguen-al-codiciado-publico-hispano-con-anuncios-de-alto-impacto\/\" target=\"_blank\" rel=\"noopener\">Jordi Oliveres de Pitaya: Ofrecemos un portal para que las marcas lleguen al codiciado p\u00fablico hispano con anuncios de alto impacto<\/a><\/li>\n<li><strong>January 14th 2022<\/strong><strong><br \/>\nPRODU35<\/strong> <a href=\"https:\/\/www.produ.com\/mercadeo\/noticias\/en-solo-un-ano-pitaya-entertainment-se-apodera-del-mercado-de-podcast-latino-en-ee-uu\/\" target=\"_blank\" rel=\"noopener\">En solo un a\u00f1o Pitaya Entertainment se apodera del mercado de podcast latino en EE UU<\/a><\/li>\n<li><strong>November 22nd 2021<\/strong><br \/>\n<a href=\"https:\/\/conta.cc\/30Ms8zV\" target=\"_blank\" rel=\"noopener\">Martha Higareda presenta Infinitos, un nuevo podcast de Pitaya Entertainment \/\/ Martha Higareda hosts Infinitos, a new podcast from Pitaya Entertainment<\/a><\/li>\n<li><strong>November 9th 2021<\/strong><br \/>\n<a href=\"https:\/\/conta.cc\/3oewvvk\" target=\"_blank\" rel=\"noopener\">\u201cLa Venenosa\u201d Carolina Sandoval presenta \u00a1Cu\u00e9ntamelo Todo!, un nuevo podcast de Pitaya Entertainment \/\/ Carolina Sandoval, aka \u201cLa Venenosa,\u201d hosts \u00a1Cu\u00e9ntamelo Todo!, a new podcast by Pitaya Entertainment<\/a><\/li>\n<li><strong>November 2nd 2021<\/strong><br \/>\n<a href=\"https:\/\/conta.cc\/3BGat9v\" target=\"_blank\" rel=\"noopener\">Uno de los podcasts latinos m\u00e1s populares del mundo, De Todo\u2026 Un Mucho con Martha Higareda y Yordi Rosado, se une a Pitaya Entertainment<\/a><\/li>\n<li><strong>April 9th 2021<\/strong><br \/>\n<a href=\"https:\/\/conta.cc\/31XU0OL\" target=\"_blank\" rel=\"noopener\">&#8220;El Dasa-hev: \u00a1\u00c1nimo! Que s\u00ed se puede\u201d es el nuevo podcast de Pitaya Entertainment<\/a><\/li>\n<li><strong>March 10th 2021<\/strong><strong><br \/>\nPRODU35<\/strong> <a href=\"https:\/\/www.produ.com\/television\/noticias\/la-ventaja-multitask-del-audio-hace-que-el-mercado-del-podcast-este-creciendo-exponencialmente-jordi-oliveres-de-pitaya\/\" target=\"_blank\" rel=\"noopener\">La ventaja multitask del audio hace que el mercado del podcast est\u00e9 creciendo exponencialmente: Jordi Oliveres de Pitaya<\/a><\/li>\n<li><strong>February 16th 2021<\/strong><br \/>\n<a href=\"https:\/\/conta.cc\/3qBJl7f\" target=\"_blank\" rel=\"noopener\">PITAYA ENTERTAINMENT INICIA UNA NUEVA ERA EN EL PODCASTING LATINO CON EL DEBUT DE SEIS NUEVAS SERIES CON ESTRELLAS LATINAS \/\/ PITAYA ENTERTAINMENT LAUNCHES NEW ERA IN LATINO PODCASTING WITH DEBUT OF SIX NEW SERIES HOSTED BY MAJOR LATINO STARS<\/a><\/li>\n<li><strong>February 16th 2021<br \/>\nAP News<\/strong> <a href=\"https:\/\/apnews.com\/press-release\/pr-newswire\/industry-powerhouses-launch-new-u-s-latino-podcast-company-pitaya-entertainment-aa945f77875c040e7db35750442ff4db\" target=\"_blank\" rel=\"noopener\">Industry Powerhouses Launch New U.S. Latino Podcast Company&#8211;Pitaya Entertainment<\/a><strong><br \/>\n<\/strong><\/li>\n<li><strong>February 16th 2021<br \/>\nBillboard<\/strong> <a href=\"https:\/\/www.billboard.com\/pro\/zach-horowitz-pitaya-latin-podcast-company\/\" target=\"_blank\" rel=\"noopener\">Former UMPG Chief Zach Horowitz Partners In Pitaya, New Latin-Focused Podcast Company<\/a><\/li>\n<li><strong>February 16th 2021<\/strong><strong><br \/>\nMusic Business Worldwide<\/strong> <a href=\"https:\/\/www.musicbusinessworldwide.com\/zach-horowitz-sees-immense-opportunity-in-new-podcast-company-for-latin-listeners\/\" target=\"_blank\" rel=\"noopener\">ZACH HOROWITZ SEES \u2018IMMENSE\u2019 OPPORTUNITY IN NEW PODCAST COMPANY FOR LATIN LISTENERS<\/a><\/li>\n<li><strong>February 16th 2021<br \/>\nPR Newswire<\/strong> <a href=\"https:\/\/www.prnewswire.com\/news-releases\/industry-powerhouses-launch-new-us-latino-podcast-companypitaya-entertainment-301229011.html?utm_source=podnews.net&amp;utm_medium=web&amp;utm_campaign=podnews.net%3A2021-02-17\" target=\"_blank\" rel=\"noopener\">Industry Powerhouses Launch New U.S. Latino Podcast Company&#8211;Pitaya Entertainment<\/a><\/li>\n<li><strong>February 16th 2021<\/strong><br \/>\n<strong>PRODU35<\/strong> <a href=\"https:\/\/www.produ.com\/television\/noticias\/pitaya-entertainment-nace-con-el-lanzamiento-de-seis-series-de-podcasts-que-daran-espacio-a-las-voces-latinas\/\" target=\"_blank\" rel=\"noopener\">Pitaya Entertainment nace con el lanzamiento de seis series de podcasts que dar\u00e1n espacio a las voces latinas<\/a><\/li>\n<li><strong>February 11th 2021<br \/>\nHOLA!<\/strong> <a href=\"https:\/\/www.hola.com\/us-es\/celebrities\/20210211fvpx75rzis\/podcast-latino-pitaya-nueva-era-embajadores\/\" target=\"_blank\" rel=\"noopener\">Los embajadores del p\u00f3dcast latino que debes conocer<\/a><\/li>\n<\/ul>\n<\/div><\/div><\/div><\/div><\/div>","protected":false},"excerpt":{"rendered":"","protected":false},"author":1,"featured_media":0,"parent":0,"menu_order":0,"comment_status":"closed","ping_status":"closed","template":"100-width.php","meta":{"inline_featured_image":false,"jetpack_post_was_ever_published":false,"footnotes":""},"class_list":["post-1689","page","type-page","status-publish","hentry"],"jetpack_sharing_enabled":true,"_links":{"self":[{"href":"https:\/\/dev.pitaya.fm\/en\/wp-json\/wp\/v2\/pages\/1689","targetHints":{"allow":["GET"]}}],"collection":[{"href":"https:\/\/dev.pitaya.fm\/en\/wp-json\/wp\/v2\/pages"}],"about":[{"href":"https:\/\/dev.pitaya.fm\/en\/wp-json\/wp\/v2\/types\/page"}],"author":[{"embeddable":true,"href":"https:\/\/dev.pitaya.fm\/en\/wp-json\/wp\/v2\/users\/1"}],"replies":[{"embeddable":true,"href":"https:\/\/dev.pitaya.fm\/en\/wp-json\/wp\/v2\/comments?post=1689"}],"version-history":[{"count":36,"href":"https:\/\/dev.pitaya.fm\/en\/wp-json\/wp\/v2\/pages\/1689\/revisions"}],"predecessor-version":[{"id":2474,"href":"https:\/\/dev.pitaya.fm\/en\/wp-json\/wp\/v2\/pages\/1689\/revisions\/2474"}],"wp:attachment":[{"href":"https:\/\/dev.pitaya.fm\/en\/wp-json\/wp\/v2\/media?parent=1689"}],"curies":[{"name":"wp","href":"https:\/\/api.w.org\/{rel}","templated":true}]}}